{"id":1566,"date":"2019-05-03T09:30:22","date_gmt":"2019-05-03T08:30:22","guid":{"rendered":"https:\/\/www.actanotaires.ch\/specific-areas\/"},"modified":"2023-02-06T14:41:36","modified_gmt":"2023-02-06T13:41:36","slug":"specific-areas","status":"publish","type":"page","link":"https:\/\/actanotaires.trisadmin.ch\/en\/specific-areas\/","title":{"rendered":"Services"},"content":{"rendered":"\n<style type=\"text\/css\" data-created_by=\"avia_inline_auto\" id=\"style-css-av-37chio-5c41cb78992c0694e7d0140d3e5f4371\">\n.flex_column.av-37chio-5c41cb78992c0694e7d0140d3e5f4371{\nborder-radius:0px 0px 0px 0px;\npadding:0px 0px 0px 0px;\n}\n<\/style>\n<div  class='flex_column av-37chio-5c41cb78992c0694e7d0140d3e5f4371 av_one_half  avia-builder-el-0  el_before_av_one_half  avia-builder-el-first  first flex_column_div av-zero-column-padding  '     ><p>\n<style type=\"text\/css\" data-created_by=\"avia_inline_auto\" id=\"style-css-av-av_heading-9250f8b1126861c7dad59ea4cae28a00\">\n#top .av-special-heading.av-av_heading-9250f8b1126861c7dad59ea4cae28a00{\npadding-bottom:10px;\n}\nbody .av-special-heading.av-av_heading-9250f8b1126861c7dad59ea4cae28a00 .av-special-heading-tag .heading-char{\nfont-size:25px;\n}\n.av-special-heading.av-av_heading-9250f8b1126861c7dad59ea4cae28a00 .av-subheading{\nfont-size:15px;\n}\n<\/style>\n<div  class='av-special-heading av-av_heading-9250f8b1126861c7dad59ea4cae28a00 av-special-heading-h1  avia-builder-el-1  el_before_av_iconlist  avia-builder-el-first  av-linked-heading'><h1 class='av-special-heading-tag '  itemprop=\"headline\"  >Services<\/h1><div class=\"special-heading-border\"><div class=\"special-heading-inner-border\"><\/div><\/div><\/div><br \/>\n\n<style type=\"text\/css\" data-created_by=\"avia_inline_auto\" id=\"style-css-av-2yu9lk-94b369ab9075fb89fc312d9c6f01549b\">\n#top .avia-icon-list-container.av-2yu9lk-94b369ab9075fb89fc312d9c6f01549b .iconlist_icon{\ncolor:#ffffff;\nbackground-color:#98012e;\n}\n#top .avia-icon-list-container.av-2yu9lk-94b369ab9075fb89fc312d9c6f01549b .iconlist_icon svg:first-child{\nstroke:#ffffff;\nfill:#ffffff;\n}\n<\/style>\n<div  class='avia-icon-list-container av-2yu9lk-94b369ab9075fb89fc312d9c6f01549b  avia-builder-el-2  el_after_av_heading  avia-builder-el-last '><ul class='avia-icon-list avia_animate_when_almost_visible avia-icon-list-left av-iconlist-big av-2yu9lk-94b369ab9075fb89fc312d9c6f01549b avia-iconlist-animate'>\n<li><div class='iconlist_icon av-av_iconlist_item-2975e6c6215e2859d3ff42b148171a70 avia-font-entypo-fontello avia-iconfont avia-font-entypo-fontello'><span class='av-icon-char' data-av_icon='\ue821' data-av_iconfont='entypo-fontello' aria-hidden=\"true\"><\/span><\/div><article class=\"article-icon-entry \"  itemscope=\"itemscope\" itemtype=\"https:\/\/schema.org\/CreativeWork\" ><div class=\"iconlist_content_wrap\"><header class=\"entry-content-header\" aria-label=\"Icon: Property rights\"><h4 class='av_iconlist_title iconlist_title  '  itemprop=\"headline\" >Property rights<\/h4><\/header><div class='iconlist_content '  itemprop=\"text\" ><p style=\"text-align: justify;\">For any property transaction involving land, a house, a flat or a rented building, ACTA notaries can draft the required notarial records. These are usually &#8230;.. <a href=\"https:\/\/www.actanotaires.ch\/en\/specific-areas\/property-rights\/\">Find out more.<\/a><\/p>\n<\/div><\/div><footer class=\"entry-footer\"><\/footer><\/article><div class=\"iconlist-timeline\"><\/div><\/li>\n<li><div class='iconlist_icon av-av_iconlist_item-ba0a6ec45518d54cad02cbf2f503f826 avia-font-entypo-fontello avia-iconfont avia-font-entypo-fontello'><span class='av-icon-char' data-av_icon='\ue80b' data-av_iconfont='entypo-fontello' aria-hidden=\"true\"><\/span><\/div><article class=\"article-icon-entry \"  itemscope=\"itemscope\" itemtype=\"https:\/\/schema.org\/CreativeWork\" ><div class=\"iconlist_content_wrap\"><header class=\"entry-content-header\" aria-label=\"Icon: Rights of the family and rights of the person\"><h4 class='av_iconlist_title iconlist_title  '  itemprop=\"headline\" >Rights of the family and rights of the person<\/h4><\/header><div class='iconlist_content '  itemprop=\"text\" ><p style=\"text-align: justify;\">Are you married? ACTA Notaires can explain the different marital regimes: participation in acquired property, separation of property and common property. The notary drafts the marriage contract &#8230;.. <a href=\"https:\/\/www.actanotaires.ch\/en\/specific-areas\/rights-of-the-family-and-rights-of-the-person\/\" rel=\"noopener\">Find out more.<\/a><\/p>\n<\/div><\/div><footer class=\"entry-footer\"><\/footer><\/article><div class=\"iconlist-timeline\"><\/div><\/li>\n<li><div class='iconlist_icon av-daj68-28a2b0f35944d55bbdef457c9a20c5da avia-font-entypo-fontello avia-iconfont avia-font-entypo-fontello'><span class='av-icon-char' data-av_icon='\ue8da' data-av_iconfont='entypo-fontello' aria-hidden=\"true\"><\/span><\/div><article class=\"article-icon-entry \"  itemscope=\"itemscope\" itemtype=\"https:\/\/schema.org\/CreativeWork\" ><div class=\"iconlist_content_wrap\"><header class=\"entry-content-header\" aria-label=\"Icon:  Inheritance law\"><h4 class='av_iconlist_title iconlist_title  '  itemprop=\"headline\" > Inheritance law<\/h4><\/header><div class='iconlist_content '  itemprop=\"text\" ><p style=\"text-align: justify;\">How do you settle a succession? ACTA notaries can help you to plan your succession, especially by drafting a will or an agreement as to succession. The notary will examine the impact &#8230;. <a href=\"https:\/\/www.actanotaires.ch\/en\/specific-areas\/inheritance-law\/\" rel=\"noopener\">Find out more.<\/a><\/p>\n<\/div><\/div><footer class=\"entry-footer\"><\/footer><\/article><div class=\"iconlist-timeline\"><\/div><\/li>\n<li><div class='iconlist_icon av-6yaco-1a54910d809679ea5b141d8ebc9cca77 avia-font-entypo-fontello avia-iconfont avia-font-entypo-fontello'><span class='av-icon-char' data-av_icon='\ue8bb' data-av_iconfont='entypo-fontello' aria-hidden=\"true\"><\/span><\/div><article class=\"article-icon-entry \"  itemscope=\"itemscope\" itemtype=\"https:\/\/schema.org\/CreativeWork\" ><div class=\"iconlist_content_wrap\"><header class=\"entry-content-header\" aria-label=\"Icon: Company law\"><h4 class='av_iconlist_title iconlist_title  '  itemprop=\"headline\" >Company law<\/h4><\/header><div class='iconlist_content '  itemprop=\"text\" ><p style=\"text-align: justify;\">In business law, ACTA notaries draft the documents required to create a Ltd limited company (Soci\u00e9t\u00e9 anonyme, SA) or a LLC limited liability company (soci\u00e9t\u00e9 \u00e0 reponsabilit\u00e9 limit\u00e9e (S\u00e0rl) and then enter it in the commercial register. The notary also intervenes &#8230;.<a href=\"https:\/\/www.actanotaires.ch\/en\/specific-areas\/company-law\/\" rel=\"noopener\"> Find out more.<\/a><\/p>\n<\/div><\/div><footer class=\"entry-footer\"><\/footer><\/article><div class=\"iconlist-timeline\"><\/div><\/li>\n<\/ul><\/div><\/p><\/div>\n<style type=\"text\/css\" data-created_by=\"avia_inline_auto\" id=\"style-css-av-37chio-9b55b938a3a1f8694fbf3296007c4556\">\n.flex_column.av-37chio-9b55b938a3a1f8694fbf3296007c4556{\nborder-radius:0px 0px 0px 0px;\npadding:0px 0px 0px 0px;\n}\n<\/style>\n<div  class='flex_column av-37chio-9b55b938a3a1f8694fbf3296007c4556 av_one_half  avia-builder-el-3  el_after_av_one_half  el_before_av_section  avia-builder-el-last  flex_column_div av-zero-column-padding  '     ><p>\n<style type=\"text\/css\" data-created_by=\"avia_inline_auto\" id=\"style-css-av-av_heading-9250f8b1126861c7dad59ea4cae28a00\">\n#top .av-special-heading.av-av_heading-9250f8b1126861c7dad59ea4cae28a00{\npadding-bottom:10px;\n}\nbody .av-special-heading.av-av_heading-9250f8b1126861c7dad59ea4cae28a00 .av-special-heading-tag .heading-char{\nfont-size:25px;\n}\n.av-special-heading.av-av_heading-9250f8b1126861c7dad59ea4cae28a00 .av-subheading{\nfont-size:15px;\n}\n<\/style>\n<div  class='av-special-heading av-av_heading-9250f8b1126861c7dad59ea4cae28a00 av-special-heading-h1  avia-builder-el-4  el_before_av_iconlist  avia-builder-el-first  av-linked-heading'><h1 class='av-special-heading-tag '  itemprop=\"headline\"  >Services<\/h1><div class=\"special-heading-border\"><div class=\"special-heading-inner-border\"><\/div><\/div><\/div><br \/>\n\n<style type=\"text\/css\" data-created_by=\"avia_inline_auto\" id=\"style-css-av-2yu9lk-94b369ab9075fb89fc312d9c6f01549b\">\n#top .avia-icon-list-container.av-2yu9lk-94b369ab9075fb89fc312d9c6f01549b .iconlist_icon{\ncolor:#ffffff;\nbackground-color:#98012e;\n}\n#top .avia-icon-list-container.av-2yu9lk-94b369ab9075fb89fc312d9c6f01549b .iconlist_icon svg:first-child{\nstroke:#ffffff;\nfill:#ffffff;\n}\n<\/style>\n<div  class='avia-icon-list-container av-2yu9lk-94b369ab9075fb89fc312d9c6f01549b  avia-builder-el-5  el_after_av_heading  el_before_av_promobox '><ul class='avia-icon-list avia_animate_when_almost_visible avia-icon-list-left av-iconlist-big av-2yu9lk-94b369ab9075fb89fc312d9c6f01549b avia-iconlist-animate'>\n<li><div class='iconlist_icon av-av_iconlist_item-b2dd8e9c74333cc76c36edc181e4f742 avia-font-entypo-fontello avia-iconfont avia-font-entypo-fontello'><span class='av-icon-char' data-av_icon='\ue8b1' data-av_iconfont='entypo-fontello' aria-hidden=\"true\"><\/span><\/div><article class=\"article-icon-entry \"  itemscope=\"itemscope\" itemtype=\"https:\/\/schema.org\/CreativeWork\" ><div class=\"iconlist_content_wrap\"><header class=\"entry-content-header\" aria-label=\"Icon: International wealth planning\"><h4 class='av_iconlist_title iconlist_title  '  itemprop=\"headline\" >International wealth planning<\/h4><\/header><div class='iconlist_content '  itemprop=\"text\" ><p>Do you need advice in an international context? ACTA notaries have the know-how and has the network for your wealth planning, to adapt your matrimonial, structure, your property acquisition in Switzerland or &#8230;. <a href=\"https:\/\/www.actanotaires.ch\/en\/specific-areas\/international-wealth-planning\/\" rel=\"noopener\">Find out more<\/a><\/p>\n<\/div><\/div><footer class=\"entry-footer\"><\/footer><\/article><div class=\"iconlist-timeline\"><\/div><\/li>\n<li><div class='iconlist_icon av-av_iconlist_item-601a87079336fba83d1dae9aada8a320 avia-font-entypo-fontello avia-iconfont avia-font-entypo-fontello'><span class='av-icon-char' data-av_icon='\ue822' data-av_iconfont='entypo-fontello' aria-hidden=\"true\"><\/span><\/div><article class=\"article-icon-entry \"  itemscope=\"itemscope\" itemtype=\"https:\/\/schema.org\/CreativeWork\" ><div class=\"iconlist_content_wrap\"><header class=\"entry-content-header\" aria-label=\"Icon: &lt;br \/&gt;\nFoundations, associations\"><h4 class='av_iconlist_title iconlist_title  '  itemprop=\"headline\" ><br \/>\nFoundations, associations<\/h4><\/header><div class='iconlist_content '  itemprop=\"text\" ><p style=\"opacity: 0;\">text<\/p>\n<\/div><\/div><footer class=\"entry-footer\"><\/footer><\/article><div class=\"iconlist-timeline\"><\/div><\/li>\n<li><div class='iconlist_icon av-av_iconlist_item-971e7f06d2a0d5f871b2eef4822e703e avia-font-entypo-fontello avia-iconfont avia-font-entypo-fontello'><span class='av-icon-char' data-av_icon='\ue844' data-av_iconfont='entypo-fontello' aria-hidden=\"true\"><\/span><\/div><article class=\"article-icon-entry \"  itemscope=\"itemscope\" itemtype=\"https:\/\/schema.org\/CreativeWork\" ><div class=\"iconlist_content_wrap\"><header class=\"entry-content-header\" aria-label=\"Icon: &lt;br \/&gt;\nSpecific legal advice for private individuals and companies\"><h4 class='av_iconlist_title iconlist_title  '  itemprop=\"headline\" ><br \/>\nSpecific legal advice for private individuals and companies<\/h4><\/header><div class='iconlist_content '  itemprop=\"text\" ><p style=\"opacity: 0;\">text<\/p>\n<\/div><\/div><footer class=\"entry-footer\"><\/footer><\/article><div class=\"iconlist-timeline\"><\/div><\/li>\n<\/ul><\/div><br \/>\n\n<style type=\"text\/css\" data-created_by=\"avia_inline_auto\" id=\"style-css-av-12qcb4-bd35e0d470b537748c55daf4ead91279\">\n.av_promobox.av-12qcb4-bd35e0d470b537748c55daf4ead91279{\ncolor:#ffffff;\nbackground:#ffffff;\nborder-color:#ffffff;\n}\n<\/style>\n<div  class='av_promobox av-12qcb4-bd35e0d470b537748c55daf4ead91279 avia-button-yes  avia-builder-el-6  el_after_av_iconlist  avia-builder-el-last '><div class='avia-promocontent'><\/div><div  class='avia-button-wrap av-12qcb4-cf66042fd9409cf7fc8efc7c19108dd3-wrap avia-button-right '>\n<style type=\"text\/css\" data-created_by=\"avia_inline_auto\" id=\"style-css-av-12qcb4-cf66042fd9409cf7fc8efc7c19108dd3\">\n#top #wrap_all .avia-button.av-12qcb4-cf66042fd9409cf7fc8efc7c19108dd3{\nbackground-color:#98012e;\nborder-color:#98012e;\ncolor:#f9f9f9;\ntransition:all 0.4s ease-in-out;\n}\n#top #wrap_all .avia-button.av-12qcb4-cf66042fd9409cf7fc8efc7c19108dd3 .avia-svg-icon svg:first-child{\nfill:#f9f9f9;\nstroke:#f9f9f9;\n}\n<\/style>\n<a href='https:\/\/www.actanotaires.ch\/en\/rates\/'  class='avia-button av-12qcb4-cf66042fd9409cf7fc8efc7c19108dd3 av-link-btn avia-icon_select-no avia-size-medium avia-position-right'   aria-label=\"See our rates\"><span class='avia_iconbox_title' >See our rates<\/span><\/a><\/div><\/div><\/p><\/div><\/div><\/div><\/div><!-- close content main div --><\/div><\/div><div id='av_section_1'  class='avia-section av-uw29s-cc623ad25cb626629548cb5514c39d68 alternate_color avia-section-small avia-no-shadow  avia-builder-el-7  el_after_av_one_half  avia-builder-el-last  avia-bg-style-scroll container_wrap fullsize'  ><div class='container av-section-cont-open' ><div class='template-page content  av-content-full alpha units'><div class='post-entry post-entry-type-page post-entry-1566'><div class='entry-content-wrapper clearfix'>\n\n<style type=\"text\/css\" data-created_by=\"avia_inline_auto\" id=\"style-css-av-p9hu0-535b47a4caaec446fc8940c66e436a1c\">\n.flex_column.av-p9hu0-535b47a4caaec446fc8940c66e436a1c{\nborder-radius:0px 0px 0px 0px;\npadding:0px 0px 0px 0px;\n}\n<\/style>\n<div  class='flex_column av-p9hu0-535b47a4caaec446fc8940c66e436a1c av_two_fifth  avia-builder-el-8  el_before_av_three_fifth  avia-builder-el-first  first flex_column_div av-zero-column-padding  '     ><\/div>\n<style type=\"text\/css\" data-created_by=\"avia_inline_auto\" id=\"style-css-av-ik5k8-3d6d4850dc67a77cc3d483178155956e\">\n.flex_column.av-ik5k8-3d6d4850dc67a77cc3d483178155956e{\nborder-radius:0px 0px 0px 0px;\npadding:0px 0px 0px 0px;\n}\n<\/style>\n<div  class='flex_column av-ik5k8-3d6d4850dc67a77cc3d483178155956e av_three_fifth  avia-builder-el-9  el_after_av_two_fifth  el_before_av_hr  flex_column_div av-zero-column-padding  '     ><article  class='iconbox iconbox_right_content av-e23gg-b47c3920e6ae5d81bff1ca5105fc04ec  avia-builder-el-10  avia-builder-el-no-sibling '  itemscope=\"itemscope\" itemtype=\"https:\/\/schema.org\/CreativeWork\" ><div class='iconbox_icon heading-color avia-iconfont avia-font-entypo-fontello' data-av_icon='\ue80b' data-av_iconfont='entypo-fontello'  ><\/div><div class=\"iconbox_content\"><header class=\"entry-content-header\" aria-label=\"Icon: \"><\/header><div class='iconbox_content_container '  itemprop=\"text\" ><p style=\"text-align: right;\"><em>ACTA Notaires associ\u00e9s, a skilled, experienced team<\/em><\/p>\n<\/div><\/div><footer class=\"entry-footer\"><\/footer><\/article><\/div>\n<style type=\"text\/css\" data-created_by=\"avia_inline_auto\" id=\"style-css-av-8bvug-6fc66ed12016f4ce0ce207bd6a6bca75\">\n#top .hr.hr-invisible.av-8bvug-6fc66ed12016f4ce0ce207bd6a6bca75{\nheight:40px;\n}\n<\/style>\n<div  class='hr av-8bvug-6fc66ed12016f4ce0ce207bd6a6bca75 hr-invisible  avia-builder-el-11  el_after_av_three_fifth  avia-builder-el-last '><span class='hr-inner '><span class=\"hr-inner-style\"><\/span><\/span><\/div>\n<\/p>\n","protected":false},"excerpt":{"rendered":"","protected":false},"author":1,"featured_media":0,"parent":0,"menu_order":0,"comment_status":"closed","ping_status":"closed","template":"","meta":{"footnotes":""},"class_list":["post-1566","page","type-page","status-publish","hentry"],"yoast_head":"<!-- This site is optimized with the Yoast SEO plugin v27.4 - https:\/\/yoast.com\/product\/yoast-seo-wordpress\/ -->\n<title>Services - ACTA Notaires<\/title>\n<meta name=\"description\" content=\"ACTA notaires offers services covering all facets of the Notariat and deploys local facilities around the three sites.\" \/>\n<meta name=\"robots\" content=\"index, follow, max-snippet:-1, max-image-preview:large, max-video-preview:-1\" \/>\n<link rel=\"canonical\" href=\"https:\/\/actanotaires.trisadmin.ch\/en\/specific-areas\/\" \/>\n<meta property=\"og:locale\" content=\"en_US\" \/>\n<meta property=\"og:type\" content=\"article\" \/>\n<meta property=\"og:title\" content=\"Services - ACTA Notaires\" \/>\n<meta property=\"og:description\" content=\"ACTA notaires offers services covering all facets of the Notariat and deploys local facilities around the three sites.\" \/>\n<meta property=\"og:url\" content=\"https:\/\/actanotaires.trisadmin.ch\/en\/specific-areas\/\" \/>\n<meta property=\"og:site_name\" content=\"ACTA Notaires\" \/>\n<meta property=\"article:modified_time\" content=\"2023-02-06T13:41:36+00:00\" \/>\n<meta name=\"twitter:card\" content=\"summary_large_image\" \/>\n<meta name=\"twitter:label1\" content=\"Est. reading time\" \/>\n\t<meta name=\"twitter:data1\" content=\"6 minutes\" \/>\n<script type=\"application\/ld+json\" class=\"yoast-schema-graph\">{\"@context\":\"https:\\\/\\\/schema.org\",\"@graph\":[{\"@type\":\"WebPage\",\"@id\":\"https:\\\/\\\/actanotaires.trisadmin.ch\\\/en\\\/specific-areas\\\/\",\"url\":\"https:\\\/\\\/actanotaires.trisadmin.ch\\\/en\\\/specific-areas\\\/\",\"name\":\"Services - ACTA Notaires\",\"isPartOf\":{\"@id\":\"https:\\\/\\\/actanotaires.trisadmin.ch\\\/en\\\/#website\"},\"datePublished\":\"2019-05-03T08:30:22+00:00\",\"dateModified\":\"2023-02-06T13:41:36+00:00\",\"description\":\"ACTA notaires offers services covering all facets of the Notariat and deploys local facilities around the three sites.\",\"breadcrumb\":{\"@id\":\"https:\\\/\\\/actanotaires.trisadmin.ch\\\/en\\\/specific-areas\\\/#breadcrumb\"},\"inLanguage\":\"en-US\",\"potentialAction\":[{\"@type\":\"ReadAction\",\"target\":[\"https:\\\/\\\/actanotaires.trisadmin.ch\\\/en\\\/specific-areas\\\/\"]}]},{\"@type\":\"BreadcrumbList\",\"@id\":\"https:\\\/\\\/actanotaires.trisadmin.ch\\\/en\\\/specific-areas\\\/#breadcrumb\",\"itemListElement\":[{\"@type\":\"ListItem\",\"position\":1,\"name\":\"Accueil\",\"item\":\"https:\\\/\\\/actanotaires.trisadmin.ch\\\/en\\\/\"},{\"@type\":\"ListItem\",\"position\":2,\"name\":\"Services\"}]},{\"@type\":\"WebSite\",\"@id\":\"https:\\\/\\\/actanotaires.trisadmin.ch\\\/en\\\/#website\",\"url\":\"https:\\\/\\\/actanotaires.trisadmin.ch\\\/en\\\/\",\"name\":\"ACTA Notaires\",\"description\":\"ACTA Notaires Associ\u00e9s\",\"potentialAction\":[{\"@type\":\"SearchAction\",\"target\":{\"@type\":\"EntryPoint\",\"urlTemplate\":\"https:\\\/\\\/actanotaires.trisadmin.ch\\\/en\\\/?s={search_term_string}\"},\"query-input\":{\"@type\":\"PropertyValueSpecification\",\"valueRequired\":true,\"valueName\":\"search_term_string\"}}],\"inLanguage\":\"en-US\"}]}<\/script>\n<!-- \/ Yoast SEO plugin. -->","yoast_head_json":{"title":"Services - ACTA Notaires","description":"ACTA notaires offers services covering all facets of the Notariat and deploys local facilities around the three sites.","robots":{"index":"index","follow":"follow","max-snippet":"max-snippet:-1","max-image-preview":"max-image-preview:large","max-video-preview":"max-video-preview:-1"},"canonical":"https:\/\/actanotaires.trisadmin.ch\/en\/specific-areas\/","og_locale":"en_US","og_type":"article","og_title":"Services - ACTA Notaires","og_description":"ACTA notaires offers services covering all facets of the Notariat and deploys local facilities around the three sites.","og_url":"https:\/\/actanotaires.trisadmin.ch\/en\/specific-areas\/","og_site_name":"ACTA Notaires","article_modified_time":"2023-02-06T13:41:36+00:00","twitter_card":"summary_large_image","twitter_misc":{"Est. reading time":"6 minutes"},"schema":{"@context":"https:\/\/schema.org","@graph":[{"@type":"WebPage","@id":"https:\/\/actanotaires.trisadmin.ch\/en\/specific-areas\/","url":"https:\/\/actanotaires.trisadmin.ch\/en\/specific-areas\/","name":"Services - ACTA Notaires","isPartOf":{"@id":"https:\/\/actanotaires.trisadmin.ch\/en\/#website"},"datePublished":"2019-05-03T08:30:22+00:00","dateModified":"2023-02-06T13:41:36+00:00","description":"ACTA notaires offers services covering all facets of the Notariat and deploys local facilities around the three sites.","breadcrumb":{"@id":"https:\/\/actanotaires.trisadmin.ch\/en\/specific-areas\/#breadcrumb"},"inLanguage":"en-US","potentialAction":[{"@type":"ReadAction","target":["https:\/\/actanotaires.trisadmin.ch\/en\/specific-areas\/"]}]},{"@type":"BreadcrumbList","@id":"https:\/\/actanotaires.trisadmin.ch\/en\/specific-areas\/#breadcrumb","itemListElement":[{"@type":"ListItem","position":1,"name":"Accueil","item":"https:\/\/actanotaires.trisadmin.ch\/en\/"},{"@type":"ListItem","position":2,"name":"Services"}]},{"@type":"WebSite","@id":"https:\/\/actanotaires.trisadmin.ch\/en\/#website","url":"https:\/\/actanotaires.trisadmin.ch\/en\/","name":"ACTA Notaires","description":"ACTA Notaires Associ\u00e9s","potentialAction":[{"@type":"SearchAction","target":{"@type":"EntryPoint","urlTemplate":"https:\/\/actanotaires.trisadmin.ch\/en\/?s={search_term_string}"},"query-input":{"@type":"PropertyValueSpecification","valueRequired":true,"valueName":"search_term_string"}}],"inLanguage":"en-US"}]}},"_links":{"self":[{"href":"https:\/\/actanotaires.trisadmin.ch\/en\/wp-json\/wp\/v2\/pages\/1566","targetHints":{"allow":["GET"]}}],"collection":[{"href":"https:\/\/actanotaires.trisadmin.ch\/en\/wp-json\/wp\/v2\/pages"}],"about":[{"href":"https:\/\/actanotaires.trisadmin.ch\/en\/wp-json\/wp\/v2\/types\/page"}],"author":[{"embeddable":true,"href":"https:\/\/actanotaires.trisadmin.ch\/en\/wp-json\/wp\/v2\/users\/1"}],"replies":[{"embeddable":true,"href":"https:\/\/actanotaires.trisadmin.ch\/en\/wp-json\/wp\/v2\/comments?post=1566"}],"version-history":[{"count":2,"href":"https:\/\/actanotaires.trisadmin.ch\/en\/wp-json\/wp\/v2\/pages\/1566\/revisions"}],"predecessor-version":[{"id":2184,"href":"https:\/\/actanotaires.trisadmin.ch\/en\/wp-json\/wp\/v2\/pages\/1566\/revisions\/2184"}],"wp:attachment":[{"href":"https:\/\/actanotaires.trisadmin.ch\/en\/wp-json\/wp\/v2\/media?parent=1566"}],"curies":[{"name":"wp","href":"https:\/\/api.w.org\/{rel}","templated":true}]}}