{"id":1688,"date":"2019-05-07T11:00:35","date_gmt":"2019-05-07T10:00:35","guid":{"rendered":"https:\/\/www.actanotaires.ch\/specific-areas\/international-wealth-planning\/"},"modified":"2023-07-13T15:05:06","modified_gmt":"2023-07-13T14:05:06","slug":"international-wealth-planning","status":"publish","type":"page","link":"https:\/\/actanotaires.trisadmin.ch\/en\/specific-areas\/international-wealth-planning\/","title":{"rendered":"International wealth planning"},"content":{"rendered":"\n<style type=\"text\/css\" data-created_by=\"avia_inline_auto\" id=\"style-css-av-37chio-5700c7383fc4f208602890a2a4ed7099\">\n.flex_column.av-37chio-5700c7383fc4f208602890a2a4ed7099{\nborder-radius:0px 0px 0px 0px;\npadding:0px 20px 0px 20px;\n}\n<\/style>\n<div  class='flex_column av-37chio-5700c7383fc4f208602890a2a4ed7099 av_one_full  avia-builder-el-0  el_before_av_section  avia-builder-el-no-sibling  first flex_column_div  '     ><p>\n<style type=\"text\/css\" data-created_by=\"avia_inline_auto\" id=\"style-css-av-av_heading-475a095003cab6933db821a6ff1939ae\">\n#top .av-special-heading.av-av_heading-475a095003cab6933db821a6ff1939ae{\npadding-bottom:10px;\n}\nbody .av-special-heading.av-av_heading-475a095003cab6933db821a6ff1939ae .av-special-heading-tag .heading-char{\nfont-size:25px;\n}\n.av-special-heading.av-av_heading-475a095003cab6933db821a6ff1939ae .av-subheading{\nfont-size:15px;\n}\n<\/style>\n<div  class='av-special-heading av-av_heading-475a095003cab6933db821a6ff1939ae av-special-heading-h1  avia-builder-el-1  el_before_av_icon_box  avia-builder-el-first '><h1 class='av-special-heading-tag '  itemprop=\"headline\"  >International wealth planning<\/h1><div class=\"special-heading-border\"><div class=\"special-heading-inner-border\"><\/div><\/div><\/div><br \/>\n<article  class='iconbox iconbox_top av-jsn2xpht-606f29acc33c9c1ed91328cf0c86a0da  avia-builder-el-2  el_after_av_heading  el_before_av_promobox  main_color'  itemscope=\"itemscope\" itemtype=\"https:\/\/schema.org\/CreativeWork\" ><div class=\"iconbox_content\"><header class=\"entry-content-header\" aria-label=\"Icon: \"><div class='iconbox_icon heading-color avia-iconfont avia-font-entypo-fontello' data-av_icon='\ue8b1' data-av_iconfont='entypo-fontello'  ><\/div><\/header><div class='iconbox_content_container '  itemprop=\"text\" ><p style=\"text-align: justify;\">Do you need advice in an international context? ACTA notaries have the know-how and has the network for your wealth planning, to adapt your matrimonial, structure, your property acquisition in Switzerland or abroad, or create your company. Your nationality, the location of your assets, your place of residence and the one of your family, as well as your wishes for the future will be taken into consideration with a view to proposing transnational solutions adapted to your needs.<\/p>\n<p style=\"text-align: justify;\">The complex aspects of civil and tax regulations will be examined in collaboration with our partners abroad.<\/p>\n<\/div><\/div><footer class=\"entry-footer\"><\/footer><\/article><br \/>\n\n<style type=\"text\/css\" data-created_by=\"avia_inline_auto\" id=\"style-css-av-12qcb4-bd35e0d470b537748c55daf4ead91279\">\n.av_promobox.av-12qcb4-bd35e0d470b537748c55daf4ead91279{\ncolor:#ffffff;\nbackground:#ffffff;\nborder-color:#ffffff;\n}\n<\/style>\n<div  class='av_promobox av-12qcb4-bd35e0d470b537748c55daf4ead91279 avia-button-yes  avia-builder-el-3  el_after_av_icon_box  avia-builder-el-last '><div class='avia-promocontent'><\/div><div  class='avia-button-wrap av-12qcb4-cf66042fd9409cf7fc8efc7c19108dd3-wrap avia-button-right '>\n<style type=\"text\/css\" data-created_by=\"avia_inline_auto\" id=\"style-css-av-12qcb4-cf66042fd9409cf7fc8efc7c19108dd3\">\n#top #wrap_all .avia-button.av-12qcb4-cf66042fd9409cf7fc8efc7c19108dd3{\nbackground-color:#98012e;\nborder-color:#98012e;\ncolor:#f9f9f9;\ntransition:all 0.4s ease-in-out;\n}\n#top #wrap_all .avia-button.av-12qcb4-cf66042fd9409cf7fc8efc7c19108dd3 .avia-svg-icon svg:first-child{\nfill:#f9f9f9;\nstroke:#f9f9f9;\n}\n<\/style>\n<a href='https:\/\/www.actanotaires.ch\/en\/rates\/'  class='avia-button av-12qcb4-cf66042fd9409cf7fc8efc7c19108dd3 av-link-btn avia-icon_select-no avia-size-medium avia-position-right'   aria-label=\"See our rates\"><span class='avia_iconbox_title' >See our rates<\/span><\/a><\/div><\/div><\/p><\/div>\n<\/div><\/div><\/div><!-- close content main div --><\/div><\/div><div id='av_section_1'  class='avia-section av-9dpy6e-5acabee8cccb4781539b43210e5cb958 main_color avia-section-default avia-no-border-styling  avia-builder-el-4  el_after_av_one_full  el_before_av_section  avia-bg-style-scroll container_wrap fullsize'  ><div class='container av-section-cont-open' ><div class='template-page content  av-content-full alpha units'><div class='post-entry post-entry-type-page post-entry-1688'><div class='entry-content-wrapper clearfix'>\n\n<style type=\"text\/css\" data-created_by=\"avia_inline_auto\" id=\"style-css-av-7eral2-7fdfcb02237d53031cc66f48afd1204d\">\n.flex_column.av-7eral2-7fdfcb02237d53031cc66f48afd1204d{\nborder-radius:0px 0px 0px 0px;\npadding:0px 0px 0px 0px;\n}\n<\/style>\n<div  class='flex_column av-7eral2-7fdfcb02237d53031cc66f48afd1204d av_one_full  avia-builder-el-5  el_before_av_one_fourth  avia-builder-el-first  first flex_column_div av-zero-column-padding  '     ><style type=\"text\/css\" data-created_by=\"avia_inline_auto\" id=\"style-css-av-av_heading-67e2294be478910841d7ede4ba51ff0c\">\n#top .av-special-heading.av-av_heading-67e2294be478910841d7ede4ba51ff0c{\npadding-bottom:10px;\n}\nbody .av-special-heading.av-av_heading-67e2294be478910841d7ede4ba51ff0c .av-special-heading-tag .heading-char{\nfont-size:25px;\n}\n.av-special-heading.av-av_heading-67e2294be478910841d7ede4ba51ff0c .av-subheading{\nfont-size:15px;\n}\n<\/style>\n<div  class='av-special-heading av-av_heading-67e2294be478910841d7ede4ba51ff0c av-special-heading-h3  avia-builder-el-6  avia-builder-el-no-sibling '><h3 class='av-special-heading-tag '  itemprop=\"headline\"  >Our other services<\/h3><div class=\"special-heading-border\"><div class=\"special-heading-inner-border\"><\/div><\/div><\/div><\/div><div class='flex_column_table av-6j5lsm-7e515d35c17f9e72b481c67225497236 sc-av_one_fourth av-equal-height-column-flextable'>\n<style type=\"text\/css\" data-created_by=\"avia_inline_auto\" id=\"style-css-av-6j5lsm-7e515d35c17f9e72b481c67225497236\">\n.flex_column.av-6j5lsm-7e515d35c17f9e72b481c67225497236{\nborder-radius:0px 0px 0px 0px;\npadding:0px 0px 0px 0px;\n}\n<\/style>\n<div  class='flex_column av-6j5lsm-7e515d35c17f9e72b481c67225497236 av_one_fourth  avia-builder-el-7  el_after_av_one_full  el_before_av_one_fourth  first flex_column_table_cell av-equal-height-column av-align-middle av-zero-column-padding  column-top-margin'     ><article  class='iconbox iconbox_top av-jsn2xpht-0a76143db053d26868a29e266b5994b3  avia-builder-el-8  avia-builder-el-no-sibling  main_color'  itemscope=\"itemscope\" itemtype=\"https:\/\/schema.org\/CreativeWork\" ><div class=\"iconbox_content\"><header class=\"entry-content-header\" aria-label=\"Icon: \"><div class='iconbox_icon heading-color avia-iconfont avia-font-entypo-fontello' data-av_icon='\ue821' data-av_iconfont='entypo-fontello'  ><\/div><\/header><div class='iconbox_content_container '  itemprop=\"text\" ><h4 class=\"av_iconlist_title iconlist_title\" style=\"text-align: center;\">Property rights<\/h4>\n<p><a class=\"avia-button avia-icon_select-no avia-color-theme-color avia-size-small avia-position-center\" href=\"https:\/\/www.actanotaires.ch\/en\/specific-areas\/property-rights\/\"><span class=\"avia_iconbox_title\">Find out more<\/span><\/a><\/p>\n<\/div><\/div><footer class=\"entry-footer\"><\/footer><\/article><\/div><div class='av-flex-placeholder'><\/div>\n<style type=\"text\/css\" data-created_by=\"avia_inline_auto\" id=\"style-css-av-4mpedi-14455646d9dd0fb41642803c06f0aeb9\">\n.flex_column.av-4mpedi-14455646d9dd0fb41642803c06f0aeb9{\nborder-radius:0px 0px 0px 0px;\npadding:0px 0px 0px 0px;\n}\n<\/style>\n<div  class='flex_column av-4mpedi-14455646d9dd0fb41642803c06f0aeb9 av_one_fourth  avia-builder-el-9  el_after_av_one_fourth  el_before_av_one_fourth  flex_column_table_cell av-equal-height-column av-align-middle av-zero-column-padding  column-top-margin'     ><article  class='iconbox iconbox_top av-jsn2xpht-9f2770183dffcb52272bec3a021eae8a  avia-builder-el-10  avia-builder-el-no-sibling  main_color'  itemscope=\"itemscope\" itemtype=\"https:\/\/schema.org\/CreativeWork\" ><div class=\"iconbox_content\"><header class=\"entry-content-header\" aria-label=\"Icon: \"><div class='iconbox_icon heading-color avia-iconfont avia-font-entypo-fontello' data-av_icon='\ue80b' data-av_iconfont='entypo-fontello'  ><\/div><\/header><div class='iconbox_content_container '  itemprop=\"text\" ><h4 class=\"av_iconlist_title iconlist_title\" style=\"text-align: center;\">Rights of the family and rights of the person<\/h4>\n<p><a class=\"avia-button avia-icon_select-no avia-color-theme-color avia-size-small avia-position-center\" href=\"https:\/\/www.actanotaires.ch\/en\/specific-areas\/rights-of-the-family-and-rights-of-the-person\/\"><span class=\"avia_iconbox_title\">Find out more<\/span><\/a><\/p>\n<\/div><\/div><footer class=\"entry-footer\"><\/footer><\/article><\/div><div class='av-flex-placeholder'><\/div>\n<style type=\"text\/css\" data-created_by=\"avia_inline_auto\" id=\"style-css-av-39lkee-0a5990442d79289bceab3025d0e0cb15\">\n.flex_column.av-39lkee-0a5990442d79289bceab3025d0e0cb15{\nborder-radius:0px 0px 0px 0px;\npadding:0px 0px 0px 0px;\n}\n<\/style>\n<div  class='flex_column av-39lkee-0a5990442d79289bceab3025d0e0cb15 av_one_fourth  avia-builder-el-11  el_after_av_one_fourth  el_before_av_one_fourth  flex_column_table_cell av-equal-height-column av-align-middle av-zero-column-padding  column-top-margin'     ><article  class='iconbox iconbox_top av-jsn2xpht-a8a1d37be0a343df0286b7f89c44d11c  avia-builder-el-12  avia-builder-el-no-sibling  main_color'  itemscope=\"itemscope\" itemtype=\"https:\/\/schema.org\/CreativeWork\" ><div class=\"iconbox_content\"><header class=\"entry-content-header\" aria-label=\"Icon: \"><div class='iconbox_icon heading-color avia-iconfont avia-font-entypo-fontello' data-av_icon='\ue8da' data-av_iconfont='entypo-fontello'  ><\/div><\/header><div class='iconbox_content_container '  itemprop=\"text\" ><h4 class=\"av_iconlist_title iconlist_title\" style=\"text-align: center;\">Inheritance law<\/h4>\n<p><a class=\"avia-button avia-icon_select-no avia-color-theme-color avia-size-small avia-position-center\" href=\"https:\/\/www.actanotaires.ch\/en\/specific-areas\/inheritance-law\/\"><span class=\"avia_iconbox_title\">Find out more<\/span><\/a><\/p>\n<\/div><\/div><footer class=\"entry-footer\"><\/footer><\/article><\/div><div class='av-flex-placeholder'><\/div>\n<style type=\"text\/css\" data-created_by=\"avia_inline_auto\" id=\"style-css-av-39lkee-0a5990442d79289bceab3025d0e0cb15\">\n.flex_column.av-39lkee-0a5990442d79289bceab3025d0e0cb15{\nborder-radius:0px 0px 0px 0px;\npadding:0px 0px 0px 0px;\n}\n<\/style>\n<div  class='flex_column av-39lkee-0a5990442d79289bceab3025d0e0cb15 av_one_fourth  avia-builder-el-13  el_after_av_one_fourth  avia-builder-el-last  flex_column_table_cell av-equal-height-column av-align-middle av-zero-column-padding  column-top-margin'     ><article  class='iconbox iconbox_top av-jsn2xpht-4c00d717099ab593c48b5b27f1c4634f  avia-builder-el-14  avia-builder-el-no-sibling  main_color'  itemscope=\"itemscope\" itemtype=\"https:\/\/schema.org\/CreativeWork\" ><div class=\"iconbox_content\"><header class=\"entry-content-header\" aria-label=\"Icon: \"><div class='iconbox_icon heading-color avia-iconfont avia-font-entypo-fontello' data-av_icon='\ue8bb' data-av_iconfont='entypo-fontello'  ><\/div><\/header><div class='iconbox_content_container '  itemprop=\"text\" ><h4 class=\"av_iconlist_title iconlist_title\" style=\"text-align: center;\">Company law<\/h4>\n<p><a class=\"avia-button avia-icon_select-no avia-color-theme-color avia-size-small avia-position-center\" href=\"https:\/\/www.actanotaires.ch\/en\/specific-areas\/company-law\/\"><span class=\"avia_iconbox_title\">Find out more<\/span><\/a><\/p>\n<\/div><\/div><footer class=\"entry-footer\"><\/footer><\/article><\/div><\/div><!--close column table wrapper. Autoclose: 1 -->\n\n<\/div><\/div><\/div><!-- close content main div --><\/div><\/div><div id='av_section_2'  class='avia-section av-uw29s-cc623ad25cb626629548cb5514c39d68 alternate_color avia-section-small avia-no-shadow  avia-builder-el-15  el_after_av_section  avia-builder-el-last  avia-bg-style-scroll container_wrap fullsize'  ><div class='container av-section-cont-open' ><div class='template-page content  av-content-full alpha units'><div class='post-entry post-entry-type-page post-entry-1688'><div class='entry-content-wrapper clearfix'>\n\n<style type=\"text\/css\" data-created_by=\"avia_inline_auto\" id=\"style-css-av-p9hu0-535b47a4caaec446fc8940c66e436a1c\">\n.flex_column.av-p9hu0-535b47a4caaec446fc8940c66e436a1c{\nborder-radius:0px 0px 0px 0px;\npadding:0px 0px 0px 0px;\n}\n<\/style>\n<div  class='flex_column av-p9hu0-535b47a4caaec446fc8940c66e436a1c av_two_fifth  avia-builder-el-16  el_before_av_three_fifth  avia-builder-el-first  first flex_column_div av-zero-column-padding  '     ><\/div>\n<style type=\"text\/css\" data-created_by=\"avia_inline_auto\" id=\"style-css-av-ik5k8-3d6d4850dc67a77cc3d483178155956e\">\n.flex_column.av-ik5k8-3d6d4850dc67a77cc3d483178155956e{\nborder-radius:0px 0px 0px 0px;\npadding:0px 0px 0px 0px;\n}\n<\/style>\n<div  class='flex_column av-ik5k8-3d6d4850dc67a77cc3d483178155956e av_three_fifth  avia-builder-el-17  el_after_av_two_fifth  el_before_av_hr  flex_column_div av-zero-column-padding  '     ><article  class='iconbox iconbox_right_content av-e23gg-b47c3920e6ae5d81bff1ca5105fc04ec  avia-builder-el-18  avia-builder-el-no-sibling '  itemscope=\"itemscope\" itemtype=\"https:\/\/schema.org\/CreativeWork\" ><div class='iconbox_icon heading-color avia-iconfont avia-font-entypo-fontello' data-av_icon='\ue80b' data-av_iconfont='entypo-fontello'  ><\/div><div class=\"iconbox_content\"><header class=\"entry-content-header\" aria-label=\"Icon: \"><\/header><div class='iconbox_content_container '  itemprop=\"text\" ><p style=\"text-align: right;\"><em>ACTA Notaires associ\u00e9s, une \u00e9quipe, des comp\u00e9tences et de l&#8217;exp\u00e9rience<\/em><\/p>\n<\/div><\/div><footer class=\"entry-footer\"><\/footer><\/article><\/div>\n<style type=\"text\/css\" data-created_by=\"avia_inline_auto\" id=\"style-css-av-8bvug-6fc66ed12016f4ce0ce207bd6a6bca75\">\n#top .hr.hr-invisible.av-8bvug-6fc66ed12016f4ce0ce207bd6a6bca75{\nheight:40px;\n}\n<\/style>\n<div  class='hr av-8bvug-6fc66ed12016f4ce0ce207bd6a6bca75 hr-invisible  avia-builder-el-19  el_after_av_three_fifth  avia-builder-el-last '><span class='hr-inner '><span class=\"hr-inner-style\"><\/span><\/span><\/div>\n\n","protected":false},"excerpt":{"rendered":"","protected":false},"author":1,"featured_media":0,"parent":1566,"menu_order":0,"comment_status":"closed","ping_status":"closed","template":"","meta":{"footnotes":""},"class_list":["post-1688","page","type-page","status-publish","hentry"],"yoast_head":"<!-- This site is optimized with the Yoast SEO plugin v27.4 - https:\/\/yoast.com\/product\/yoast-seo-wordpress\/ -->\n<title>International wealth planning - ACTA Notaires<\/title>\n<meta name=\"description\" content=\"Do you need advice in an international context? The notaries of ACTA have the know-how and the network to assist you in the best way.\" \/>\n<meta name=\"robots\" content=\"index, follow, max-snippet:-1, max-image-preview:large, max-video-preview:-1\" \/>\n<link rel=\"canonical\" href=\"https:\/\/actanotaires.trisadmin.ch\/en\/specific-areas\/international-wealth-planning\/\" \/>\n<meta property=\"og:locale\" content=\"en_US\" \/>\n<meta property=\"og:type\" content=\"article\" \/>\n<meta property=\"og:title\" content=\"International wealth planning - ACTA Notaires\" \/>\n<meta property=\"og:description\" content=\"Do you need advice in an international context? The notaries of ACTA have the know-how and the network to assist you in the best way.\" \/>\n<meta property=\"og:url\" content=\"https:\/\/actanotaires.trisadmin.ch\/en\/specific-areas\/international-wealth-planning\/\" \/>\n<meta property=\"og:site_name\" content=\"ACTA Notaires\" \/>\n<meta property=\"article:modified_time\" content=\"2023-07-13T14:05:06+00:00\" \/>\n<meta name=\"twitter:card\" content=\"summary_large_image\" \/>\n<meta name=\"twitter:label1\" content=\"Est. reading time\" \/>\n\t<meta name=\"twitter:data1\" content=\"9 minutes\" \/>\n<script type=\"application\/ld+json\" class=\"yoast-schema-graph\">{\"@context\":\"https:\\\/\\\/schema.org\",\"@graph\":[{\"@type\":\"WebPage\",\"@id\":\"https:\\\/\\\/actanotaires.trisadmin.ch\\\/en\\\/specific-areas\\\/international-wealth-planning\\\/\",\"url\":\"https:\\\/\\\/actanotaires.trisadmin.ch\\\/en\\\/specific-areas\\\/international-wealth-planning\\\/\",\"name\":\"International wealth planning - ACTA Notaires\",\"isPartOf\":{\"@id\":\"https:\\\/\\\/actanotaires.trisadmin.ch\\\/en\\\/#website\"},\"datePublished\":\"2019-05-07T10:00:35+00:00\",\"dateModified\":\"2023-07-13T14:05:06+00:00\",\"description\":\"Do you need advice in an international context? The notaries of ACTA have the know-how and the network to assist you in the best way.\",\"breadcrumb\":{\"@id\":\"https:\\\/\\\/actanotaires.trisadmin.ch\\\/en\\\/specific-areas\\\/international-wealth-planning\\\/#breadcrumb\"},\"inLanguage\":\"en-US\",\"potentialAction\":[{\"@type\":\"ReadAction\",\"target\":[\"https:\\\/\\\/actanotaires.trisadmin.ch\\\/en\\\/specific-areas\\\/international-wealth-planning\\\/\"]}]},{\"@type\":\"BreadcrumbList\",\"@id\":\"https:\\\/\\\/actanotaires.trisadmin.ch\\\/en\\\/specific-areas\\\/international-wealth-planning\\\/#breadcrumb\",\"itemListElement\":[{\"@type\":\"ListItem\",\"position\":1,\"name\":\"Accueil\",\"item\":\"https:\\\/\\\/actanotaires.trisadmin.ch\\\/en\\\/\"},{\"@type\":\"ListItem\",\"position\":2,\"name\":\"Services\",\"item\":\"https:\\\/\\\/actanotaires.trisadmin.ch\\\/en\\\/specific-areas\\\/\"},{\"@type\":\"ListItem\",\"position\":3,\"name\":\"International wealth planning\"}]},{\"@type\":\"WebSite\",\"@id\":\"https:\\\/\\\/actanotaires.trisadmin.ch\\\/en\\\/#website\",\"url\":\"https:\\\/\\\/actanotaires.trisadmin.ch\\\/en\\\/\",\"name\":\"ACTA Notaires\",\"description\":\"ACTA Notaires Associ\u00e9s\",\"potentialAction\":[{\"@type\":\"SearchAction\",\"target\":{\"@type\":\"EntryPoint\",\"urlTemplate\":\"https:\\\/\\\/actanotaires.trisadmin.ch\\\/en\\\/?s={search_term_string}\"},\"query-input\":{\"@type\":\"PropertyValueSpecification\",\"valueRequired\":true,\"valueName\":\"search_term_string\"}}],\"inLanguage\":\"en-US\"}]}<\/script>\n<!-- \/ Yoast SEO plugin. -->","yoast_head_json":{"title":"International wealth planning - ACTA Notaires","description":"Do you need advice in an international context? The notaries of ACTA have the know-how and the network to assist you in the best way.","robots":{"index":"index","follow":"follow","max-snippet":"max-snippet:-1","max-image-preview":"max-image-preview:large","max-video-preview":"max-video-preview:-1"},"canonical":"https:\/\/actanotaires.trisadmin.ch\/en\/specific-areas\/international-wealth-planning\/","og_locale":"en_US","og_type":"article","og_title":"International wealth planning - ACTA Notaires","og_description":"Do you need advice in an international context? The notaries of ACTA have the know-how and the network to assist you in the best way.","og_url":"https:\/\/actanotaires.trisadmin.ch\/en\/specific-areas\/international-wealth-planning\/","og_site_name":"ACTA Notaires","article_modified_time":"2023-07-13T14:05:06+00:00","twitter_card":"summary_large_image","twitter_misc":{"Est. reading time":"9 minutes"},"schema":{"@context":"https:\/\/schema.org","@graph":[{"@type":"WebPage","@id":"https:\/\/actanotaires.trisadmin.ch\/en\/specific-areas\/international-wealth-planning\/","url":"https:\/\/actanotaires.trisadmin.ch\/en\/specific-areas\/international-wealth-planning\/","name":"International wealth planning - ACTA Notaires","isPartOf":{"@id":"https:\/\/actanotaires.trisadmin.ch\/en\/#website"},"datePublished":"2019-05-07T10:00:35+00:00","dateModified":"2023-07-13T14:05:06+00:00","description":"Do you need advice in an international context? The notaries of ACTA have the know-how and the network to assist you in the best way.","breadcrumb":{"@id":"https:\/\/actanotaires.trisadmin.ch\/en\/specific-areas\/international-wealth-planning\/#breadcrumb"},"inLanguage":"en-US","potentialAction":[{"@type":"ReadAction","target":["https:\/\/actanotaires.trisadmin.ch\/en\/specific-areas\/international-wealth-planning\/"]}]},{"@type":"BreadcrumbList","@id":"https:\/\/actanotaires.trisadmin.ch\/en\/specific-areas\/international-wealth-planning\/#breadcrumb","itemListElement":[{"@type":"ListItem","position":1,"name":"Accueil","item":"https:\/\/actanotaires.trisadmin.ch\/en\/"},{"@type":"ListItem","position":2,"name":"Services","item":"https:\/\/actanotaires.trisadmin.ch\/en\/specific-areas\/"},{"@type":"ListItem","position":3,"name":"International wealth planning"}]},{"@type":"WebSite","@id":"https:\/\/actanotaires.trisadmin.ch\/en\/#website","url":"https:\/\/actanotaires.trisadmin.ch\/en\/","name":"ACTA Notaires","description":"ACTA Notaires Associ\u00e9s","potentialAction":[{"@type":"SearchAction","target":{"@type":"EntryPoint","urlTemplate":"https:\/\/actanotaires.trisadmin.ch\/en\/?s={search_term_string}"},"query-input":{"@type":"PropertyValueSpecification","valueRequired":true,"valueName":"search_term_string"}}],"inLanguage":"en-US"}]}},"_links":{"self":[{"href":"https:\/\/actanotaires.trisadmin.ch\/en\/wp-json\/wp\/v2\/pages\/1688","targetHints":{"allow":["GET"]}}],"collection":[{"href":"https:\/\/actanotaires.trisadmin.ch\/en\/wp-json\/wp\/v2\/pages"}],"about":[{"href":"https:\/\/actanotaires.trisadmin.ch\/en\/wp-json\/wp\/v2\/types\/page"}],"author":[{"embeddable":true,"href":"https:\/\/actanotaires.trisadmin.ch\/en\/wp-json\/wp\/v2\/users\/1"}],"replies":[{"embeddable":true,"href":"https:\/\/actanotaires.trisadmin.ch\/en\/wp-json\/wp\/v2\/comments?post=1688"}],"version-history":[{"count":1,"href":"https:\/\/actanotaires.trisadmin.ch\/en\/wp-json\/wp\/v2\/pages\/1688\/revisions"}],"predecessor-version":[{"id":2216,"href":"https:\/\/actanotaires.trisadmin.ch\/en\/wp-json\/wp\/v2\/pages\/1688\/revisions\/2216"}],"up":[{"embeddable":true,"href":"https:\/\/actanotaires.trisadmin.ch\/en\/wp-json\/wp\/v2\/pages\/1566"}],"wp:attachment":[{"href":"https:\/\/actanotaires.trisadmin.ch\/en\/wp-json\/wp\/v2\/media?parent=1688"}],"curies":[{"name":"wp","href":"https:\/\/api.w.org\/{rel}","templated":true}]}}